{"id":7481,"date":"2025-07-17T17:06:16","date_gmt":"2025-07-17T17:06:16","guid":{"rendered":"https:\/\/eurogon.com\/?post_type=product&#038;p=7481"},"modified":"2026-03-22T23:37:14","modified_gmt":"2026-03-22T23:37:14","slug":"roasty-ngon-pistache-torrefiees-au-gingembre","status":"publish","type":"product","link":"https:\/\/eurogon.com\/en\/product\/roasty-ngon-pistache-torrefiees-au-gingembre\/","title":{"rendered":"Roasty Ngon<br><span>Pistache Africaine <br>Torr\u00e9fi\u00e9e Au Gingembre<\/span>"},"content":{"rendered":"<h5><strong>Pistache torr\u00e9fi\u00e9es au gingembre<\/strong><\/h5>\n<p>&nbsp;<\/p>\n<h4><em><strong>Votre booster naturel sans sucre\u00a0!<\/strong><\/em><\/h4>\n<p>Savourez la puissance du gingembre alli\u00e9e \u00e0 la richesse de la pistache dans un snack sain, sans sucre ajoute. Riche en magn\u00e9sium, prot\u00e9ines v\u00e9g\u00e9tale et bons lipides, le Roasty Ngon , am\u00e9liore le confort digestif, booste le syst\u00e8me immunitaire et tout en soutenant votre sant\u00e9 cardiovasculaire.<\/p>\n<p>Disponible sous format de 200g<\/p>","protected":false},"excerpt":{"rendered":"<h4><em><strong>Votre booster naturel sans sucre\u00a0!<\/strong><\/em><\/h4>\n<p>Savourez la puissance du gingembre alli\u00e9e \u00e0 la richesse de la pistache dans un snack sain, sans sucre ajoute. Riche en magn\u00e9sium, prot\u00e9ines v\u00e9g\u00e9tale et bons lipides, le Roasty Ngon , am\u00e9liore le confort digestif, booste le syst\u00e8me immunitaire et tout en soutenant votre sant\u00e9 cardiovasculaire.<\/p>\n<p>Disponible sous format de 200g<\/p>","protected":false},"featured_media":7463,"comment_status":"open","ping_status":"closed","template":"","meta":{"site-sidebar-layout":"default","site-content-layout":"","ast-site-content-layout":"default","site-content-style":"default","site-sidebar-style":"default","ast-global-header-display":"","ast-banner-title-visibility":"","ast-main-header-display":"","ast-hfb-above-header-display":"","ast-hfb-below-header-display":"","ast-hfb-mobile-header-display":"","site-post-title":"","ast-breadcrumbs-content":"","ast-featured-img":"","footer-sml-layout":"","theme-transparent-header-meta":"default","adv-header-id-meta":"","stick-header-meta":"","header-above-stick-meta":"","header-main-stick-meta":"","header-below-stick-meta":"","astra-migrate-meta-layouts":"set","ast-page-background-enabled":"default","ast-page-background-meta":{"desktop":{"background-color":"","background-image":"","background-repeat":"repeat","background-position":"center center","background-size":"auto","background-attachment":"scroll","background-type":"","background-media":"","overlay-type":"","overlay-color":"","overlay-opacity":"","overlay-gradient":""},"tablet":{"background-color":"","background-image":"","background-repeat":"repeat","background-position":"center center","background-size":"auto","background-attachment":"scroll","background-type":"","background-media":"","overlay-type":"","overlay-color":"","overlay-opacity":"","overlay-gradient":""},"mobile":{"background-color":"","background-image":"","background-repeat":"repeat","background-position":"center center","background-size":"auto","background-attachment":"scroll","background-type":"","background-media":"","overlay-type":"","overlay-color":"","overlay-opacity":"","overlay-gradient":""}},"ast-content-background-meta":{"desktop":{"background-color":"var(--ast-global-color-5)","background-image":"","background-repeat":"repeat","background-position":"center center","background-size":"auto","background-attachment":"scroll","background-type":"","background-media":"","overlay-type":"","overlay-color":"","overlay-opacity":"","overlay-gradient":""},"tablet":{"background-color":"var(--ast-global-color-5)","background-image":"","background-repeat":"repeat","background-position":"center center","background-size":"auto","background-attachment":"scroll","background-type":"","background-media":"","overlay-type":"","overlay-color":"","overlay-opacity":"","overlay-gradient":""},"mobile":{"background-color":"var(--ast-global-color-5)","background-image":"","background-repeat":"repeat","background-position":"center center","background-size":"auto","background-attachment":"scroll","background-type":"","background-media":"","overlay-type":"","overlay-color":"","overlay-opacity":"","overlay-gradient":""}}},"product_cat":[35,30],"product_tag":[44],"yoast_head":"<!-- This site is optimized with the Yoast SEO plugin v22.3 - https:\/\/yoast.com\/wordpress\/plugins\/seo\/ -->\n<title>Roasty NgonPistache Africaine Torr\u00e9fi\u00e9e Au Gingembre - eurogon<\/title>\n<meta name=\"robots\" content=\"index, follow, max-snippet:-1, max-image-preview:large, max-video-preview:-1\" \/>\n<link rel=\"canonical\" href=\"https:\/\/eurogon.com\/en\/product\/roasty-ngon-pistache-torrefiees-au-gingembre\/\" \/>\n<meta property=\"og:locale\" content=\"en_GB\" \/>\n<meta property=\"og:type\" content=\"article\" \/>\n<meta property=\"og:title\" content=\"Roasty NgonPistache Africaine Torr\u00e9fi\u00e9e Au Gingembre - eurogon\" \/>\n<meta property=\"og:description\" content=\"Votre booster naturel sans sucre\u00a0! Savourez la puissance du gingembre alli\u00e9e \u00e0 la richesse de la pistache dans un snack sain, sans sucre ajoute. Riche en magn\u00e9sium, prot\u00e9ines v\u00e9g\u00e9tale et bons lipides, le Roasty Ngon , am\u00e9liore le confort digestif, booste le syst\u00e8me immunitaire et tout en soutenant votre sant\u00e9 cardiovasculaire.  Disponible sous format de 200g\" \/>\n<meta property=\"og:url\" content=\"https:\/\/eurogon.com\/en\/product\/roasty-ngon-pistache-torrefiees-au-gingembre\/\" \/>\n<meta property=\"og:site_name\" content=\"eurogon\" \/>\n<meta property=\"article:modified_time\" content=\"2026-03-22T23:37:14+00:00\" \/>\n<meta property=\"og:image\" content=\"https:\/\/eurogon.com\/wp-content\/uploads\/2025\/07\/Roasty-D-768x1024.png\" \/>\n\t<meta property=\"og:image:width\" content=\"768\" \/>\n\t<meta property=\"og:image:height\" content=\"1024\" \/>\n\t<meta property=\"og:image:type\" content=\"image\/png\" \/>\n<meta name=\"twitter:card\" content=\"summary_large_image\" \/>\n<meta name=\"twitter:label1\" content=\"Estimated reading time\" \/>\n\t<meta name=\"twitter:data1\" content=\"1 minute\" \/>\n<script type=\"application\/ld+json\" class=\"yoast-schema-graph\">{\"@context\":\"https:\/\/schema.org\",\"@graph\":[{\"@type\":\"WebPage\",\"@id\":\"https:\/\/eurogon.com\/produit\/roasty-ngon-pistache-torrefiees-au-gingembre\/\",\"url\":\"https:\/\/eurogon.com\/produit\/roasty-ngon-pistache-torrefiees-au-gingembre\/\",\"name\":\"Roasty Ngon Pistache Africaine Torr\u00e9fi\u00e9e Au Gingembre - eurogon\",\"isPartOf\":{\"@id\":\"https:\/\/eurogon.com\/#website\"},\"primaryImageOfPage\":{\"@id\":\"https:\/\/eurogon.com\/produit\/roasty-ngon-pistache-torrefiees-au-gingembre\/#primaryimage\"},\"image\":{\"@id\":\"https:\/\/eurogon.com\/produit\/roasty-ngon-pistache-torrefiees-au-gingembre\/#primaryimage\"},\"thumbnailUrl\":\"https:\/\/eurogon.com\/wp-content\/uploads\/2025\/07\/Roasty-D.png\",\"datePublished\":\"2025-07-17T17:06:16+00:00\",\"dateModified\":\"2026-03-22T23:37:14+00:00\",\"breadcrumb\":{\"@id\":\"https:\/\/eurogon.com\/produit\/roasty-ngon-pistache-torrefiees-au-gingembre\/#breadcrumb\"},\"inLanguage\":\"en-GB\",\"potentialAction\":[{\"@type\":\"ReadAction\",\"target\":[\"https:\/\/eurogon.com\/produit\/roasty-ngon-pistache-torrefiees-au-gingembre\/\"]}]},{\"@type\":\"ImageObject\",\"inLanguage\":\"en-GB\",\"@id\":\"https:\/\/eurogon.com\/produit\/roasty-ngon-pistache-torrefiees-au-gingembre\/#primaryimage\",\"url\":\"https:\/\/eurogon.com\/wp-content\/uploads\/2025\/07\/Roasty-D.png\",\"contentUrl\":\"https:\/\/eurogon.com\/wp-content\/uploads\/2025\/07\/Roasty-D.png\",\"width\":3024,\"height\":4032},{\"@type\":\"BreadcrumbList\",\"@id\":\"https:\/\/eurogon.com\/produit\/roasty-ngon-pistache-torrefiees-au-gingembre\/#breadcrumb\",\"itemListElement\":[{\"@type\":\"ListItem\",\"position\":1,\"name\":\"Accueil\",\"item\":\"https:\/\/eurogon.com\/\"},{\"@type\":\"ListItem\",\"position\":2,\"name\":\"Produits\",\"item\":\"https:\/\/eurogon.com\/shop\/\"},{\"@type\":\"ListItem\",\"position\":3,\"name\":\"Roasty NgonPistache Africaine Torr\u00e9fi\u00e9e Au Gingembre\"}]},{\"@type\":\"WebSite\",\"@id\":\"https:\/\/eurogon.com\/#website\",\"url\":\"https:\/\/eurogon.com\/\",\"name\":\"eurogon\",\"description\":\"Site officiel Eurogon\",\"publisher\":{\"@id\":\"https:\/\/eurogon.com\/#organization\"},\"potentialAction\":[{\"@type\":\"SearchAction\",\"target\":{\"@type\":\"EntryPoint\",\"urlTemplate\":\"https:\/\/eurogon.com\/?s={search_term_string}\"},\"query-input\":\"required name=search_term_string\"}],\"inLanguage\":\"en-GB\"},{\"@type\":\"Organization\",\"@id\":\"https:\/\/eurogon.com\/#organization\",\"name\":\"eurogon\",\"url\":\"https:\/\/eurogon.com\/\",\"logo\":{\"@type\":\"ImageObject\",\"inLanguage\":\"en-GB\",\"@id\":\"https:\/\/eurogon.com\/#\/schema\/logo\/image\/\",\"url\":\"https:\/\/eurogon.com\/wp-content\/uploads\/2019\/07\/cropped-ngon-bigArtboard-1.png\",\"contentUrl\":\"https:\/\/eurogon.com\/wp-content\/uploads\/2019\/07\/cropped-ngon-bigArtboard-1.png\",\"width\":962,\"height\":1166,\"caption\":\"eurogon\"},\"image\":{\"@id\":\"https:\/\/eurogon.com\/#\/schema\/logo\/image\/\"}}]}<\/script>\n<!-- \/ Yoast SEO plugin. -->","yoast_head_json":{"title":"Roasty NgonPistache Africaine Torr\u00e9fi\u00e9e Au Gingembre - eurogon","robots":{"index":"index","follow":"follow","max-snippet":"max-snippet:-1","max-image-preview":"max-image-preview:large","max-video-preview":"max-video-preview:-1"},"canonical":"https:\/\/eurogon.com\/en\/product\/roasty-ngon-pistache-torrefiees-au-gingembre\/","og_locale":"en_GB","og_type":"article","og_title":"Roasty NgonPistache Africaine Torr\u00e9fi\u00e9e Au Gingembre - eurogon","og_description":"Votre booster naturel sans sucre\u00a0! Savourez la puissance du gingembre alli\u00e9e \u00e0 la richesse de la pistache dans un snack sain, sans sucre ajoute. Riche en magn\u00e9sium, prot\u00e9ines v\u00e9g\u00e9tale et bons lipides, le Roasty Ngon , am\u00e9liore le confort digestif, booste le syst\u00e8me immunitaire et tout en soutenant votre sant\u00e9 cardiovasculaire.  Disponible sous format de 200g","og_url":"https:\/\/eurogon.com\/en\/product\/roasty-ngon-pistache-torrefiees-au-gingembre\/","og_site_name":"eurogon","article_modified_time":"2026-03-22T23:37:14+00:00","og_image":[{"width":768,"height":1024,"url":"https:\/\/eurogon.com\/wp-content\/uploads\/2025\/07\/Roasty-D-768x1024.png","type":"image\/png"}],"twitter_card":"summary_large_image","twitter_misc":{"Estimated reading time":"1 minute"},"schema":{"@context":"https:\/\/schema.org","@graph":[{"@type":"WebPage","@id":"https:\/\/eurogon.com\/produit\/roasty-ngon-pistache-torrefiees-au-gingembre\/","url":"https:\/\/eurogon.com\/produit\/roasty-ngon-pistache-torrefiees-au-gingembre\/","name":"Roasty Ngon Pistache Africaine Torr\u00e9fi\u00e9e Au Gingembre - eurogon","isPartOf":{"@id":"https:\/\/eurogon.com\/#website"},"primaryImageOfPage":{"@id":"https:\/\/eurogon.com\/produit\/roasty-ngon-pistache-torrefiees-au-gingembre\/#primaryimage"},"image":{"@id":"https:\/\/eurogon.com\/produit\/roasty-ngon-pistache-torrefiees-au-gingembre\/#primaryimage"},"thumbnailUrl":"https:\/\/eurogon.com\/wp-content\/uploads\/2025\/07\/Roasty-D.png","datePublished":"2025-07-17T17:06:16+00:00","dateModified":"2026-03-22T23:37:14+00:00","breadcrumb":{"@id":"https:\/\/eurogon.com\/produit\/roasty-ngon-pistache-torrefiees-au-gingembre\/#breadcrumb"},"inLanguage":"en-GB","potentialAction":[{"@type":"ReadAction","target":["https:\/\/eurogon.com\/produit\/roasty-ngon-pistache-torrefiees-au-gingembre\/"]}]},{"@type":"ImageObject","inLanguage":"en-GB","@id":"https:\/\/eurogon.com\/produit\/roasty-ngon-pistache-torrefiees-au-gingembre\/#primaryimage","url":"https:\/\/eurogon.com\/wp-content\/uploads\/2025\/07\/Roasty-D.png","contentUrl":"https:\/\/eurogon.com\/wp-content\/uploads\/2025\/07\/Roasty-D.png","width":3024,"height":4032},{"@type":"BreadcrumbList","@id":"https:\/\/eurogon.com\/produit\/roasty-ngon-pistache-torrefiees-au-gingembre\/#breadcrumb","itemListElement":[{"@type":"ListItem","position":1,"name":"Accueil","item":"https:\/\/eurogon.com\/"},{"@type":"ListItem","position":2,"name":"Produits","item":"https:\/\/eurogon.com\/shop\/"},{"@type":"ListItem","position":3,"name":"Roasty NgonPistache Africaine Torr\u00e9fi\u00e9e Au Gingembre"}]},{"@type":"WebSite","@id":"https:\/\/eurogon.com\/#website","url":"https:\/\/eurogon.com\/","name":"eurogon","description":"Site officiel Eurogon","publisher":{"@id":"https:\/\/eurogon.com\/#organization"},"potentialAction":[{"@type":"SearchAction","target":{"@type":"EntryPoint","urlTemplate":"https:\/\/eurogon.com\/?s={search_term_string}"},"query-input":"required name=search_term_string"}],"inLanguage":"en-GB"},{"@type":"Organization","@id":"https:\/\/eurogon.com\/#organization","name":"eurogon","url":"https:\/\/eurogon.com\/","logo":{"@type":"ImageObject","inLanguage":"en-GB","@id":"https:\/\/eurogon.com\/#\/schema\/logo\/image\/","url":"https:\/\/eurogon.com\/wp-content\/uploads\/2019\/07\/cropped-ngon-bigArtboard-1.png","contentUrl":"https:\/\/eurogon.com\/wp-content\/uploads\/2019\/07\/cropped-ngon-bigArtboard-1.png","width":962,"height":1166,"caption":"eurogon"},"image":{"@id":"https:\/\/eurogon.com\/#\/schema\/logo\/image\/"}}]}},"_links":{"self":[{"href":"https:\/\/eurogon.com\/en\/wp-json\/wp\/v2\/product\/7481"}],"collection":[{"href":"https:\/\/eurogon.com\/en\/wp-json\/wp\/v2\/product"}],"about":[{"href":"https:\/\/eurogon.com\/en\/wp-json\/wp\/v2\/types\/product"}],"replies":[{"embeddable":true,"href":"https:\/\/eurogon.com\/en\/wp-json\/wp\/v2\/comments?post=7481"}],"version-history":[{"count":5,"href":"https:\/\/eurogon.com\/en\/wp-json\/wp\/v2\/product\/7481\/revisions"}],"predecessor-version":[{"id":7821,"href":"https:\/\/eurogon.com\/en\/wp-json\/wp\/v2\/product\/7481\/revisions\/7821"}],"wp:featuredmedia":[{"embeddable":true,"href":"https:\/\/eurogon.com\/en\/wp-json\/wp\/v2\/media\/7463"}],"wp:attachment":[{"href":"https:\/\/eurogon.com\/en\/wp-json\/wp\/v2\/media?parent=7481"}],"wp:term":[{"taxonomy":"product_cat","embeddable":true,"href":"https:\/\/eurogon.com\/en\/wp-json\/wp\/v2\/product_cat?post=7481"},{"taxonomy":"product_tag","embeddable":true,"href":"https:\/\/eurogon.com\/en\/wp-json\/wp\/v2\/product_tag?post=7481"}],"curies":[{"name":"wp","href":"https:\/\/api.w.org\/{rel}","templated":true}]}}